{"id":125,"date":"2024-07-30T01:02:50","date_gmt":"2024-07-29T23:02:50","guid":{"rendered":"https:\/\/cocarde-spirit.fr\/?page_id=125"},"modified":"2024-11-26T14:02:57","modified_gmt":"2024-11-26T13:02:57","slug":"cgv","status":"publish","type":"page","link":"https:\/\/cocarde-spirit.fr\/index.php\/cocarde-spirit\/cgv\/","title":{"rendered":"CGV"},"content":{"rendered":"<p>[et_pb_section fb_built=\u00a0\u00bb1&Prime; admin_label=\u00a0\u00bbHeader\u00a0\u00bb _builder_version=\u00a0\u00bb4.27.0&Prime; background_color=\u00a0\u00bbRGBA(255,255,255,0)\u00a0\u00bb background_enable_image=\u00a0\u00bboff\u00a0\u00bb min_height=\u00a0\u00bb100vh\u00a0\u00bb min_height_tablet=\u00a0\u00bb\u00a0\u00bb min_height_phone=\u00a0\u00bb\u00a0\u00bb min_height_last_edited=\u00a0\u00bbon|phone\u00a0\u00bb custom_padding=\u00a0\u00bb1vw||5vw||false|false\u00a0\u00bb locked=\u00a0\u00bboff\u00a0\u00bb global_colors_info=\u00a0\u00bb{}\u00a0\u00bb][et_pb_row make_equal=\u00a0\u00bbon\u00a0\u00bb _builder_version=\u00a0\u00bb4.26.0&Prime; custom_padding=\u00a0\u00bb56px||1px|||\u00a0\u00bb global_colors_info=\u00a0\u00bb{}\u00a0\u00bb][et_pb_column type=\u00a0\u00bb4_4&Prime; _builder_version=\u00a0\u00bb4.16&Prime; custom_padding=\u00a0\u00bb||||false|false\u00a0\u00bb global_colors_info=\u00a0\u00bb{}\u00a0\u00bb][et_pb_button button_text=\u00a0\u00bbCGV\u00a0\u00bb button_alignment=\u00a0\u00bbcenter\u00a0\u00bb _builder_version=\u00a0\u00bb4.27.0&Prime; custom_button=\u00a0\u00bbon\u00a0\u00bb button_text_size=\u00a0\u00bb40px\u00a0\u00bb button_text_color=\u00a0\u00bb#000000&Prime; button_bg_color=\u00a0\u00bbrgba(0,0,0,0)\u00a0\u00bb button_border_width=\u00a0\u00bb0px\u00a0\u00bb button_font=\u00a0\u00bbOswald|||on|||||\u00a0\u00bb button_use_icon=\u00a0\u00bboff\u00a0\u00bb background_layout=\u00a0\u00bbdark\u00a0\u00bb custom_margin=\u00a0\u00bb1px||10px||false|false\u00a0\u00bb custom_padding=\u00a0\u00bb2px|20px|2px|20px|true|true\u00a0\u00bb button_text_size_tablet=\u00a0\u00bb30px\u00a0\u00bb button_text_size_phone=\u00a0\u00bb24px\u00a0\u00bb button_text_size_last_edited=\u00a0\u00bbon|tablet\u00a0\u00bb locked=\u00a0\u00bboff\u00a0\u00bb global_colors_info=\u00a0\u00bb{}\u00a0\u00bb button_text_color__hover_enabled=\u00a0\u00bbon|hover\u00a0\u00bb button_text_color__hover=\u00a0\u00bb#ffffff\u00a0\u00bb][\/et_pb_button][et_pb_text _builder_version=\u00a0\u00bb4.27.0&Prime; _module_preset=\u00a0\u00bbdefault\u00a0\u00bb text_font=\u00a0\u00bb&#8211;et_global_body_font||||||||\u00a0\u00bb text_text_color=\u00a0\u00bb#000000&Prime; text_font_size=\u00a0\u00bb18px\u00a0\u00bb header_4_font=\u00a0\u00bb&#8211;et_global_body_font|||on|||||\u00a0\u00bb header_4_font_size=\u00a0\u00bb20px\u00a0\u00bb custom_padding=\u00a0\u00bb|||20px|false|false\u00a0\u00bb locked=\u00a0\u00bboff\u00a0\u00bb global_colors_info=\u00a0\u00bb{}\u00a0\u00bb]<\/p>\n<p style=\"text-align: justify;\"><b style=\"font-size: 18px; font-family: var(--et_global_body_font),serif;\">INFORMATIONS G\u00c9N\u00c9RALES<\/b><\/p>\n<p style=\"text-align: justify;\"><b style=\"font-size: 18px; font-family: var(--et_global_body_font),serif;\">Nom de l&rsquo;entreprise<\/b><span style=\"font-size: 18px; font-family: var(--et_global_body_font),serif;\"> : COCARDE SPIRIT, SARL<\/span><\/p>\n<p style=\"text-align: justify;\"><b>Adresse<\/b> : 19, Chemin des Guenaudins, 03000 BRESSOLLES<br \/><b>Email<\/b> : contact@cocarde-spirit.com<br \/><b>Num\u00e9ro SIRET<\/b> : en cours<\/p>\n<p style=\"text-align: justify;\"><span style=\"font-size: 18px; font-family: var(--et_global_body_font),serif;\"><b>OBJET<\/b><\/span><\/p>\n<p style=\"text-align: justify;\"><span style=\"font-size: 18px; font-family: var(--et_global_body_font),serif;\">Les pr\u00e9sentes Conditions G\u00e9n\u00e9rales de Vente (CGV) d\u00e9finissent les droits et obligations des parties dans le cadre de la vente en ligne de spiritueux propos\u00e9s par COCARDE SPIRIT sur le site <\/span><a href=\"http:\/\/www.cocarde-spirit.com\" style=\"font-size: 18px; font-family: var(--et_global_body_font),serif;\">www.cocarde-spirit.com<\/a><span style=\"font-size: 18px; font-family: var(--et_global_body_font),serif;\"> et <\/span><a href=\"http:\/\/www.cocarde-spirit.fr\" style=\"font-size: 18px; font-family: var(--et_global_body_font),serif;\">www.cocarde-spirit.fr<\/a><span style=\"font-size: 18px; font-family: var(--et_global_body_font),serif;\"> .<\/span><\/p>\n<p style=\"text-align: justify;\"><b>COMMANDE<\/b><\/p>\n<p style=\"text-align: justify;\"><b>Processus de commande<\/b> : Pour passer commande, le client doit contacter l\u2019\u00e9quipe COCARDE SPIRIT.<br \/><b>Acceptation des CGV<\/b> : La validation de la commande implique l&rsquo;acceptation des pr\u00e9sentes CGV.<br \/><b>Disponibilit\u00e9 des produits<\/b> : Les produits sont propos\u00e9s dans la limite des stocks disponibles. En cas d&rsquo;indisponibilit\u00e9, nous vous informerons par email.<\/p>\n<p style=\"text-align: justify;\"><b>PRIX<\/b><\/p>\n<p style=\"text-align: justify;\"><b>Affichage des prix<\/b> : Les prix sont communiqu\u00e9s en euros, toutes taxes comprises (TTC), hors frais de livraison.<br \/><b>Modification des prix<\/b> : COCARDE SPIRIT se r\u00e9serve le droit de modifier les prix \u00e0 tout moment. Les produits seront factur\u00e9s sur la base des tarifs en vigueur au moment de la validation de la commande.<\/p>\n<p style=\"text-align: justify;\"><b>PAIEMENT<\/b><\/p>\n<p style=\"text-align: justify;\"><b>Modes de paiement<\/b> : Les paiements peuvent \u00eatre effectu\u00e9s par carte bancaire (Visa, MasterCard), PayPal, et autres moyens communiqu\u00e9s.<br \/><b>S\u00e9curisation des paiements<\/b> : Les transactions bancaires sont s\u00e9curis\u00e9es gr\u00e2ce \u00e0 un syst\u00e8me de cryptage SSL.<\/p>\n<p style=\"text-align: justify;\"><b>LIVRAISON<\/b><\/p>\n<p style=\"text-align: justify;\"><b>D\u00e9lais de livraison<\/b> : Les commandes sont exp\u00e9di\u00e9es une fois par semaine. Les d\u00e9lais de livraison varient selon le mode de transport choisi.<br \/><b>Modes de livraison<\/b> : Livraison standard, express, ou retrait en point de vente. Les frais de livraison sont indiqu\u00e9s lors de la commande.<br \/><b>Responsabilit\u00e9 en cas de perte ou de dommage<\/b> : En cas de probl\u00e8me lors de la livraison, merci de contacter notre service client. Spirits Deluxe est responsable jusqu&rsquo;\u00e0 la r\u00e9ception des produits par le client.<\/p>\n<p style=\"text-align: justify;\"><b>DROIT DE RETRACTATION<\/b><\/p>\n<p style=\"text-align: justify;\"><b>Conditions de r\u00e9tractation<\/b> : Conform\u00e9ment \u00e0 la loi, vous disposez de 14 jours \u00e0 compter de la r\u00e9ception de votre commande pour exercer votre droit de r\u00e9tractation sans avoir \u00e0 justifier de motifs.<br \/><b>Modalit\u00e9s de retour<\/b> : Les produits doivent \u00eatre retourn\u00e9s dans leur \u00e9tat d&rsquo;origine et complets. Les frais de retour sont \u00e0 la charge du client.<\/p>\n<p style=\"text-align: justify;\"><b>GARANTIES<\/b><\/p>\n<p style=\"text-align: justify;\"><b>Garanties l\u00e9gales<\/b> : Tous les produits b\u00e9n\u00e9ficient de la garantie l\u00e9gale de conformit\u00e9 et de la garantie contre les vices cach\u00e9s.<br \/><b>Proc\u00e9dure de r\u00e9clamation<\/b> : Pour toute r\u00e9clamation, contactez notre service client \u00e0 l&rsquo;adresse email contact@cocarde-spirit.com.<\/p>\n<p style=\"text-align: justify;\"><b>RESPONSABILIT\u00c9S<\/b><\/p>\n<p style=\"text-align: justify;\"><b>Limitation de responsabilit\u00e9<\/b> : COCARDE SPIRIT ne saurait \u00eatre tenu responsable des dommages r\u00e9sultant d&rsquo;une mauvaise utilisation des produits achet\u00e9s.<br \/><b>Force majeure<\/b> : COCARDE SPIRIT n&rsquo;est pas responsable des retards ou manquements dus \u00e0 des \u00e9v\u00e9nements de force majeure.<\/p>\n<p style=\"text-align: justify;\"><b>PROTECTION. DES DONN\u00c9ES PERSONNELLES\u00a0<\/b><\/p>\n<p style=\"text-align: justify;\"><b>Collecte des donn\u00e9es<\/b> : Nous collectons des donn\u00e9es personnelles pour traiter vos commandes.<br \/><b>Confidentialit\u00e9 et s\u00e9curit\u00e9<\/b> : Vos donn\u00e9es sont trait\u00e9es de mani\u00e8re confidentielle et s\u00e9curis\u00e9e. Conform\u00e9ment \u00e0 la loi \u00ab\u00a0Informatique et Libert\u00e9s\u00a0\u00bb, vous disposez d&rsquo;un droit d&rsquo;acc\u00e8s, de rectification et de suppression de vos donn\u00e9es personnelles.<\/p>\n<p style=\"text-align: justify;\"><b>PROPRI\u00c9T\u00c9 INTELLECTUELLE<\/b><\/p>\n<p style=\"text-align: justify;\"><b>Droits d\u2019auteur<\/b> : Tous les contenus du site (textes, images, logos) sont prot\u00e9g\u00e9s par le droit d&rsquo;auteur.<br \/><b>Utilisation des contenus<\/b> : Toute reproduction ou utilisation des contenus du site est strictement interdite sans autorisation pr\u00e9alable.<\/p>\n<p style=\"text-align: justify;\"><b>LITIGES<\/b><\/p>\n<p style=\"text-align: justify;\"><b>Loi applicable et juridiction comp\u00e9tente<\/b> : Les pr\u00e9sentes CGV sont soumises \u00e0 la loi fran\u00e7aise. En cas de litige, les tribunaux de Paris seront comp\u00e9tents.<br \/><b>M\u00e9diation<\/b> : En cas de litige non r\u00e9solu, vous pouvez recourir \u00e0 un m\u00e9diateur de la consommation.<\/p>\n<p style=\"text-align: justify;\"><b>MODIFICATION DES CGV<\/b><\/p>\n<p style=\"text-align: justify;\"><b>Conditions de modification<\/b> : COCARDE SPIRIT se r\u00e9serve le droit de modifier les pr\u00e9sentes CGV \u00e0 tout moment. Les nouvelles conditions seront applicables d\u00e8s leur publication sur le site.<\/p>\n<p style=\"text-align: justify;\"><b>CONTACT<\/b><\/p>\n<p style=\"text-align: justify;\"><b>Service client<\/b> : Pour toute question ou r\u00e9clamation, veuillez nous contacter \u00e0 l&rsquo;adresse email contact@cocarde-spirit.com<\/p>\n<p style=\"text-align: justify;\">\n<p>[\/et_pb_text][\/et_pb_column][\/et_pb_row][\/et_pb_section][et_pb_section fb_built=\u00a0\u00bb1&Prime; admin_label=\u00a0\u00bbHeader\u00a0\u00bb _builder_version=\u00a0\u00bb4.27.0&Prime; background_color=\u00a0\u00bb#FFFFFF\u00a0\u00bb background_enable_image=\u00a0\u00bboff\u00a0\u00bb min_height=\u00a0\u00bb100vh\u00a0\u00bb min_height_tablet=\u00a0\u00bb\u00a0\u00bb min_height_phone=\u00a0\u00bb\u00a0\u00bb min_height_last_edited=\u00a0\u00bbon|phone\u00a0\u00bb custom_padding=\u00a0\u00bb1vw||0vw||false|false\u00a0\u00bb locked=\u00a0\u00bboff\u00a0\u00bb global_colors_info=\u00a0\u00bb{}\u00a0\u00bb][et_pb_row make_equal=\u00a0\u00bbon\u00a0\u00bb _builder_version=\u00a0\u00bb4.26.0&Prime; custom_padding=\u00a0\u00bb56px||1px|||\u00a0\u00bb global_colors_info=\u00a0\u00bb{}\u00a0\u00bb][et_pb_column type=\u00a0\u00bb4_4&Prime; _builder_version=\u00a0\u00bb4.16&Prime; custom_padding=\u00a0\u00bb||||false|false\u00a0\u00bb global_colors_info=\u00a0\u00bb{}\u00a0\u00bb][et_pb_text _builder_version=\u00a0\u00bb4.27.0&Prime; text_font=\u00a0\u00bb|700|||||||\u00a0\u00bb text_font_size=\u00a0\u00bb96px\u00a0\u00bb text_line_height=\u00a0\u00bb1.5em\u00a0\u00bb background_enable_image=\u00a0\u00bboff\u00a0\u00bb background_size=\u00a0\u00bbcontain\u00a0\u00bb text_orientation=\u00a0\u00bbcenter\u00a0\u00bb background_layout=\u00a0\u00bbdark\u00a0\u00bb width_last_edited=\u00a0\u00bboff|desktop\u00a0\u00bb max_width=\u00a0\u00bb52%\u00a0\u00bb max_width_tablet=\u00a0\u00bb100%\u00a0\u00bb max_width_phone=\u00a0\u00bb\u00a0\u00bb max_width_last_edited=\u00a0\u00bbon|tablet\u00a0\u00bb module_alignment=\u00a0\u00bbcenter\u00a0\u00bb custom_margin=\u00a0\u00bb25px||-4px||false|false\u00a0\u00bb custom_padding=\u00a0\u00bb0px|8px|0px|8px|true|true\u00a0\u00bb custom_padding_tablet=\u00a0\u00bb40px|8px|40px|8px|true|false\u00a0\u00bb custom_padding_phone=\u00a0\u00bb20px|8px|20px|8px|true|false\u00a0\u00bb custom_padding_last_edited=\u00a0\u00bbon|desktop\u00a0\u00bb scroll_vertical_motion_enable=\u00a0\u00bbon\u00a0\u00bb scroll_vertical_motion=\u00a0\u00bb0|50|50|100|-1|0|-1&Prime; text_font_size_tablet=\u00a0\u00bb50px\u00a0\u00bb text_font_size_phone=\u00a0\u00bb40px\u00a0\u00bb text_font_size_last_edited=\u00a0\u00bbon|phone\u00a0\u00bb text_text_shadow_style=\u00a0\u00bbpreset3&Prime; text_text_shadow_blur_strength=\u00a0\u00bb0.46em\u00a0\u00bb text_text_shadow_color=\u00a0\u00bb#000000&Prime; border_color_all=\u00a0\u00bbRGBA(255,255,255,0)\u00a0\u00bb border_width_all_tablet=\u00a0\u00bb0px\u00a0\u00bb border_width_all_phone=\u00a0\u00bb0px\u00a0\u00bb border_width_all_last_edited=\u00a0\u00bbon|phone\u00a0\u00bb global_colors_info=\u00a0\u00bb{}\u00a0\u00bb]<\/p>\n<p><img decoding=\"async\" src=\"http:\/\/cocarde-spirit.fr\/wp-content\/uploads\/2024\/10\/COCARDE01.svg\" width=\"undefined\" height=\"undefined\" alt=\"\" class=\"wp-image-584 alignnone size-full\" \/><\/p>\n<p>[\/et_pb_text][et_pb_text _builder_version=\u00a0\u00bb4.27.3&Prime; text_font_size=\u00a0\u00bb16px\u00a0\u00bb text_line_height=\u00a0\u00bb2em\u00a0\u00bb header_font=\u00a0\u00bbRoboto Slab|300|||||||\u00a0\u00bb header_text_color=\u00a0\u00bb#df5518&Prime; header_font_size=\u00a0\u00bb50px\u00a0\u00bb header_line_height=\u00a0\u00bb1.4em\u00a0\u00bb header_3_font=\u00a0\u00bbDancing Script||||||||\u00a0\u00bb header_3_text_color=\u00a0\u00bb#df5518&Prime; header_3_font_size=\u00a0\u00bb30px\u00a0\u00bb text_orientation=\u00a0\u00bbcenter\u00a0\u00bb background_layout=\u00a0\u00bbdark\u00a0\u00bb custom_margin=\u00a0\u00bb2px|||||\u00a0\u00bb text_font_size_tablet=\u00a0\u00bb14px\u00a0\u00bb text_font_size_phone=\u00a0\u00bb\u00a0\u00bb text_font_size_last_edited=\u00a0\u00bbon|phone\u00a0\u00bb header_font_size_tablet=\u00a0\u00bb34px\u00a0\u00bb header_font_size_phone=\u00a0\u00bb26px\u00a0\u00bb header_font_size_last_edited=\u00a0\u00bbon|phone\u00a0\u00bb locked=\u00a0\u00bboff\u00a0\u00bb global_colors_info=\u00a0\u00bb{}\u00a0\u00bb]<\/p>\n<h3 style=\"text-align: center;\"><span style=\"color: #000000;\">Ce ne sont pas seulement des bouteilles \u00e9l\u00e9gantes, exclusives et savoureuses. C\u2019est avant tout l\u2019incarnation de l\u2019esprit et de l\u2019attitude du pilote de chasse : pr\u00e9cision, audace, et un go\u00fbt affirm\u00e9 pour la perfection et l\u2019excellence.<br \/>\nRestez connect\u00e9s pour d\u00e9couvrir nos prochains produits \u2013 des spiritueux, et bien plus encore.<br \/>\n<br \/<\/h3>\n<h3><strong><span style=\"color: #fe4811;\">Inscrivez-vous d\u00e8s maintenant pour \u00eatre les premiers inform\u00e9s !<\/span><\/strong><\/h3>\n<p>[\/et_pb_text][\/et_pb_column][\/et_pb_row][et_pb_row column_structure=\u00a0\u00bb1_4,1_2,1_4&Prime; make_equal=\u00a0\u00bbon\u00a0\u00bb _builder_version=\u00a0\u00bb4.26.0&Prime; custom_margin=\u00a0\u00bb|auto|50px|auto||\u00a0\u00bb custom_padding=\u00a0\u00bb7px||1px|||\u00a0\u00bb locked=\u00a0\u00bboff\u00a0\u00bb global_colors_info=\u00a0\u00bb{}\u00a0\u00bb][et_pb_column type=\u00a0\u00bb1_4&Prime; _builder_version=\u00a0\u00bb4.16&Prime; custom_padding=\u00a0\u00bb||||false|false\u00a0\u00bb global_colors_info=\u00a0\u00bb{}\u00a0\u00bb][\/et_pb_column][et_pb_column type=\u00a0\u00bb1_2&Prime; _builder_version=\u00a0\u00bb4.26.0&Prime; global_colors_info=\u00a0\u00bb{}\u00a0\u00bb][et_pb_contact_form captcha=\u00a0\u00bboff\u00a0\u00bb email=\u00a0\u00bbcontact@cocarde-spirit.fr\u00a0\u00bb custom_message=\u00a0\u00bbBonjour||et_pb_line_break_holder||Voici mon adresse mail : %%email%% merci de me tenir au courant des projets de Cocarde Spirit.||et_pb_line_break_holder||\u00c0 bient\u00f4t||et_pb_line_break_holder||%%name%% \u00a0\u00bb success_message=\u00a0\u00bbVous serez les premiers inform\u00e9s ! Merci\u00a0\u00bb _builder_version=\u00a0\u00bb4.27.0&Prime; _module_preset=\u00a0\u00bbdefault\u00a0\u00bb _unique_id=\u00a0\u00bb8816f81e-9b96-499b-aa82-c63b995b9a9d\u00a0\u00bb form_field_text_color=\u00a0\u00bb#0061c8&Prime; title_font=\u00a0\u00bb||||||||\u00a0\u00bb title_text_color=\u00a0\u00bbRGBA(255,255,255,0)\u00a0\u00bb form_field_font_size=\u00a0\u00bb14px\u00a0\u00bb background_enable_image=\u00a0\u00bboff\u00a0\u00bb custom_button=\u00a0\u00bbon\u00a0\u00bb button_text_size=\u00a0\u00bb15px\u00a0\u00bb button_text_color=\u00a0\u00bb#ffffff\u00a0\u00bb button_bg_color=\u00a0\u00bb#fe4811&Prime; button_border_width=\u00a0\u00bb2px\u00a0\u00bb button_border_color=\u00a0\u00bbRGBA(255,255,255,0)\u00a0\u00bb button_border_radius=\u00a0\u00bb46px\u00a0\u00bb button_font=\u00a0\u00bb|600||on|||||\u00a0\u00bb button_use_icon=\u00a0\u00bboff\u00a0\u00bb text_orientation=\u00a0\u00bbcenter\u00a0\u00bb custom_padding=\u00a0\u00bb||3px|||\u00a0\u00bb border_radii=\u00a0\u00bbon|100px|100px|100px|100px\u00a0\u00bb box_shadow_style_button=\u00a0\u00bbpreset3&Prime; box_shadow_vertical_button=\u00a0\u00bb4px\u00a0\u00bb box_shadow_blur_button=\u00a0\u00bb14px\u00a0\u00bb box_shadow_color_button=\u00a0\u00bbrgba(215,79,21,0.87)\u00a0\u00bb global_colors_info=\u00a0\u00bb{}\u00a0\u00bb][et_pb_contact_field field_id=\u00a0\u00bbName\u00a0\u00bb field_title=\u00a0\u00bbNOM\u00a0\u00bb _builder_version=\u00a0\u00bb4.27.0&Prime; form_field_background_color=\u00a0\u00bb#FFFFFF\u00a0\u00bb form_field_text_color=\u00a0\u00bbrgba(0,0,0,0.51)\u00a0\u00bb form_field_text_align=\u00a0\u00bbcenter\u00a0\u00bb background_enable_color=\u00a0\u00bboff\u00a0\u00bb border_width_all=\u00a0\u00bb3px\u00a0\u00bb border_color_all=\u00a0\u00bb#2765a0&Prime; global_colors_info=\u00a0\u00bb{}\u00a0\u00bb button_text_size__hover_enabled=\u00a0\u00bboff\u00a0\u00bb button_one_text_size__hover_enabled=\u00a0\u00bboff\u00a0\u00bb button_two_text_size__hover_enabled=\u00a0\u00bboff\u00a0\u00bb button_text_color__hover_enabled=\u00a0\u00bboff\u00a0\u00bb button_one_text_color__hover_enabled=\u00a0\u00bboff\u00a0\u00bb button_two_text_color__hover_enabled=\u00a0\u00bboff\u00a0\u00bb button_border_width__hover_enabled=\u00a0\u00bboff\u00a0\u00bb button_one_border_width__hover_enabled=\u00a0\u00bboff\u00a0\u00bb button_two_border_width__hover_enabled=\u00a0\u00bboff\u00a0\u00bb button_border_color__hover_enabled=\u00a0\u00bboff\u00a0\u00bb button_one_border_color__hover_enabled=\u00a0\u00bboff\u00a0\u00bb button_two_border_color__hover_enabled=\u00a0\u00bboff\u00a0\u00bb button_border_radius__hover_enabled=\u00a0\u00bboff\u00a0\u00bb button_one_border_radius__hover_enabled=\u00a0\u00bboff\u00a0\u00bb button_two_border_radius__hover_enabled=\u00a0\u00bboff\u00a0\u00bb button_letter_spacing__hover_enabled=\u00a0\u00bboff\u00a0\u00bb button_one_letter_spacing__hover_enabled=\u00a0\u00bboff\u00a0\u00bb button_two_letter_spacing__hover_enabled=\u00a0\u00bboff\u00a0\u00bb button_bg_color__hover_enabled=\u00a0\u00bboff\u00a0\u00bb button_one_bg_color__hover_enabled=\u00a0\u00bboff\u00a0\u00bb button_two_bg_color__hover_enabled=\u00a0\u00bboff\u00a0\u00bb][\/et_pb_contact_field][et_pb_contact_field field_id=\u00a0\u00bbEmail\u00a0\u00bb field_title=\u00a0\u00bbE-MAIL\u00a0\u00bb field_type=\u00a0\u00bbemail\u00a0\u00bb _builder_version=\u00a0\u00bb4.27.0&Prime; form_field_background_color=\u00a0\u00bb#FFFFFF\u00a0\u00bb form_field_text_color=\u00a0\u00bbrgba(0,0,0,0.44)\u00a0\u00bb form_field_font=\u00a0\u00bb&#8211;et_global_body_font||||||||\u00a0\u00bb form_field_text_align=\u00a0\u00bbcenter\u00a0\u00bb background_color=\u00a0\u00bbRGBA(255,255,255,0)\u00a0\u00bb background_enable_color=\u00a0\u00bbon\u00a0\u00bb background_enable_image=\u00a0\u00bboff\u00a0\u00bb border_width_all=\u00a0\u00bb3px\u00a0\u00bb border_color_all=\u00a0\u00bb#2765a0&Prime; global_colors_info=\u00a0\u00bb{}\u00a0\u00bb button_text_size__hover_enabled=\u00a0\u00bboff\u00a0\u00bb button_one_text_size__hover_enabled=\u00a0\u00bboff\u00a0\u00bb button_two_text_size__hover_enabled=\u00a0\u00bboff\u00a0\u00bb button_text_color__hover_enabled=\u00a0\u00bboff\u00a0\u00bb button_one_text_color__hover_enabled=\u00a0\u00bboff\u00a0\u00bb button_two_text_color__hover_enabled=\u00a0\u00bboff\u00a0\u00bb button_border_width__hover_enabled=\u00a0\u00bboff\u00a0\u00bb button_one_border_width__hover_enabled=\u00a0\u00bboff\u00a0\u00bb button_two_border_width__hover_enabled=\u00a0\u00bboff\u00a0\u00bb button_border_color__hover_enabled=\u00a0\u00bboff\u00a0\u00bb button_one_border_color__hover_enabled=\u00a0\u00bboff\u00a0\u00bb button_two_border_color__hover_enabled=\u00a0\u00bboff\u00a0\u00bb button_border_radius__hover_enabled=\u00a0\u00bboff\u00a0\u00bb button_one_border_radius__hover_enabled=\u00a0\u00bboff\u00a0\u00bb button_two_border_radius__hover_enabled=\u00a0\u00bboff\u00a0\u00bb button_letter_spacing__hover_enabled=\u00a0\u00bboff\u00a0\u00bb button_one_letter_spacing__hover_enabled=\u00a0\u00bboff\u00a0\u00bb button_two_letter_spacing__hover_enabled=\u00a0\u00bboff\u00a0\u00bb button_bg_color__hover_enabled=\u00a0\u00bboff\u00a0\u00bb button_one_bg_color__hover_enabled=\u00a0\u00bboff\u00a0\u00bb button_two_bg_color__hover_enabled=\u00a0\u00bboff\u00a0\u00bb filter_saturate__hover_enabled=\u00a0\u00bbon|desktop\u00a0\u00bb][\/et_pb_contact_field][\/et_pb_contact_form][\/et_pb_column][et_pb_column type=\u00a0\u00bb1_4&Prime; _builder_version=\u00a0\u00bb4.16&Prime; global_colors_info=\u00a0\u00bb{}\u00a0\u00bb][\/et_pb_column][\/et_pb_row][\/et_pb_section]<\/p>\n","protected":false},"excerpt":{"rendered":"<p>INFORMATIONS G\u00c9N\u00c9RALES Nom de l&rsquo;entreprise : COCARDE SPIRIT, SARL Adresse : 19, Chemin des Guenaudins, 03000 BRESSOLLESEmail : contact@cocarde-spirit.comNum\u00e9ro SIRET : en cours OBJET Les pr\u00e9sentes Conditions G\u00e9n\u00e9rales de Vente (CGV) d\u00e9finissent les droits et obligations des parties dans le cadre de la vente en ligne de spiritueux propos\u00e9s par COCARDE SPIRIT sur le site [&hellip;]<\/p>\n","protected":false},"author":1,"featured_media":0,"parent":9,"menu_order":0,"comment_status":"closed","ping_status":"closed","template":"","meta":{"_et_pb_use_builder":"on","_et_pb_old_content":"","_et_gb_content_width":"","footnotes":""},"class_list":["post-125","page","type-page","status-publish","hentry"],"_links":{"self":[{"href":"https:\/\/cocarde-spirit.fr\/index.php\/wp-json\/wp\/v2\/pages\/125","targetHints":{"allow":["GET"]}}],"collection":[{"href":"https:\/\/cocarde-spirit.fr\/index.php\/wp-json\/wp\/v2\/pages"}],"about":[{"href":"https:\/\/cocarde-spirit.fr\/index.php\/wp-json\/wp\/v2\/types\/page"}],"author":[{"embeddable":true,"href":"https:\/\/cocarde-spirit.fr\/index.php\/wp-json\/wp\/v2\/users\/1"}],"replies":[{"embeddable":true,"href":"https:\/\/cocarde-spirit.fr\/index.php\/wp-json\/wp\/v2\/comments?post=125"}],"version-history":[{"count":20,"href":"https:\/\/cocarde-spirit.fr\/index.php\/wp-json\/wp\/v2\/pages\/125\/revisions"}],"predecessor-version":[{"id":775,"href":"https:\/\/cocarde-spirit.fr\/index.php\/wp-json\/wp\/v2\/pages\/125\/revisions\/775"}],"up":[{"embeddable":true,"href":"https:\/\/cocarde-spirit.fr\/index.php\/wp-json\/wp\/v2\/pages\/9"}],"wp:attachment":[{"href":"https:\/\/cocarde-spirit.fr\/index.php\/wp-json\/wp\/v2\/media?parent=125"}],"curies":[{"name":"wp","href":"https:\/\/api.w.org\/{rel}","templated":true}]}}